{"id":10,"date":"2023-09-20T06:46:36","date_gmt":"2023-09-20T06:46:36","guid":{"rendered":"https:\/\/kranjska-dolina.si\/?page_id=10"},"modified":"2025-05-21T05:33:53","modified_gmt":"2025-05-21T05:33:53","slug":"kontakt","status":"publish","type":"page","link":"https:\/\/kranjska-dolina.si\/?page_id=10","title":{"rendered":"Stik \/ Contact"},"content":{"rendered":"\n<p><\/p>\n\n\n\n<p><strong>Ko\u010da na Kranjski dolini<\/strong><br>Dru\u0161tvo Planine Kranjska dolina<br>Za informacije in rezervacije pokli\u010dite:<br>Lenart Papler 041 350 521<br>Irena Markelj 031 360 628<br>irena.papler@gmail.com<br><\/p>\n\n\n\n<p><\/p>\n\n\n\n<p><\/p>\n\n\n\n<p><em><strong>Cottage on Kranjska dolina<\/strong><\/em><br><em>Society of Planina Kranjska dolina<br>For information and reservations call:<br>Lenart Papler +386 41 350 521<br>Irena Markelj +386 31 360 628<br>irena.papler@gmail.com<\/em><\/p>\n","protected":false},"excerpt":{"rendered":"<p>Ko\u010da na Kranjski doliniDru\u0161tvo Planine Kranjska dolinaZa informacije in rezervacije pokli\u010dite:Lenart Papler 041 350 521Irena Markelj 031 360 628irena.papler@gmail.com Cottage on Kranjska dolinaSociety of Planina Kranjska dolinaFor information and reservations call:Lenart Papler +386 41 350 521Irena Markelj +386 31 360 628irena.papler@gmail.com<\/p>\n","protected":false},"author":1,"featured_media":0,"parent":0,"menu_order":0,"comment_status":"closed","ping_status":"closed","template":"","meta":{"footnotes":""},"class_list":["post-10","page","type-page","status-publish","hentry"],"_links":{"self":[{"href":"https:\/\/kranjska-dolina.si\/index.php?rest_route=\/wp\/v2\/pages\/10","targetHints":{"allow":["GET"]}}],"collection":[{"href":"https:\/\/kranjska-dolina.si\/index.php?rest_route=\/wp\/v2\/pages"}],"about":[{"href":"https:\/\/kranjska-dolina.si\/index.php?rest_route=\/wp\/v2\/types\/page"}],"author":[{"embeddable":true,"href":"https:\/\/kranjska-dolina.si\/index.php?rest_route=\/wp\/v2\/users\/1"}],"replies":[{"embeddable":true,"href":"https:\/\/kranjska-dolina.si\/index.php?rest_route=%2Fwp%2Fv2%2Fcomments&post=10"}],"version-history":[{"count":7,"href":"https:\/\/kranjska-dolina.si\/index.php?rest_route=\/wp\/v2\/pages\/10\/revisions"}],"predecessor-version":[{"id":246,"href":"https:\/\/kranjska-dolina.si\/index.php?rest_route=\/wp\/v2\/pages\/10\/revisions\/246"}],"wp:attachment":[{"href":"https:\/\/kranjska-dolina.si\/index.php?rest_route=%2Fwp%2Fv2%2Fmedia&parent=10"}],"curies":[{"name":"wp","href":"https:\/\/api.w.org\/{rel}","templated":true}]}}