{"id":31,"date":"2023-09-20T07:07:57","date_gmt":"2023-09-20T07:07:57","guid":{"rendered":"https:\/\/kranjska-dolina.si\/?page_id=31"},"modified":"2025-08-15T05:47:38","modified_gmt":"2025-08-15T05:47:38","slug":"dobrodosli-na-planini-kranjska-dolina","status":"publish","type":"page","link":"https:\/\/kranjska-dolina.si\/","title":{"rendered":""},"content":{"rendered":"\n<h1 class=\"wp-block-heading\">Dobrodo\u0161li v Ko\u010di na Kranjski dolini!<\/h1>\n\n\n\n<h1 class=\"wp-block-heading\"><em>Welcome to the Cottage on Kranjska dolina!<\/em><\/h1>\n\n\n\n<figure class=\"wp-block-image size-large\"><img loading=\"lazy\" decoding=\"async\" width=\"1024\" height=\"768\" src=\"https:\/\/kranjska-dolina.si\/wp-content\/uploads\/2025\/04\/KranskaDolina4-1024x768.jpg\" alt=\"\" class=\"wp-image-219\" srcset=\"https:\/\/kranjska-dolina.si\/wp-content\/uploads\/2025\/04\/KranskaDolina4-1024x768.jpg 1024w, https:\/\/kranjska-dolina.si\/wp-content\/uploads\/2025\/04\/KranskaDolina4-300x225.jpg 300w, https:\/\/kranjska-dolina.si\/wp-content\/uploads\/2025\/04\/KranskaDolina4-768x576.jpg 768w, https:\/\/kranjska-dolina.si\/wp-content\/uploads\/2025\/04\/KranskaDolina4-1536x1152.jpg 1536w, https:\/\/kranjska-dolina.si\/wp-content\/uploads\/2025\/04\/KranskaDolina4-2048x1536.jpg 2048w, https:\/\/kranjska-dolina.si\/wp-content\/uploads\/2025\/04\/KranskaDolina4-2000x1500.jpg 2000w\" sizes=\"auto, (max-width: 1024px) 100vw, 1024px\" \/><\/figure>\n\n\n\n<p>Ko\u010da na Kranjski dolini se nahaja na planoti Pokljuka v Julijskih Alpah in v osr\u010dju Triglavskem narodnem parku. Le\u017ei na nadmorski vi\u0161ini 1286 metrov. <br>Od Bleda je oddaljena 18km oz. 30 minut, od Bohinjskega jezera &#8211; Rib\u010devega laza 25,4 km oz. 40 minut, od Biatlonskega centra 8,2 km ali 13 minut.<br><a href=\"https:\/\/kranjska-dolina.si\/?page_id=7\" data-type=\"page\" data-id=\"7\">Ve\u010d o dostopu do Planine<\/a> &#8230;<br><br>V ko\u010di lahko prespi 10 do 12 oseb, lahko so tudi manj\u0161e skupine ali posamezniki &#8211; vse po predhodnem dogovoru. Gostje so samooskrbni, z uporabo kuhinje in zunanjega prostora z \u017earom. Po predhodnem dogovoru je za skupine mo\u017ena tudi postre\u017eba z Gorjansko oziroma planinsko kulinariko. <a href=\"https:\/\/kranjska-dolina.si\/?page_id=172\" data-type=\"page\" data-id=\"172\">Ve\u010d o ko\u010di &#8230;<\/a><br>Vsi dobrodo\u0161li, po\u010dutite se kot doma!<br> <br>Skozi planino vodi daljinska pohodni\u0161ka pot Via Juliana: <a href=\"https:\/\/julian-alps.com\/sl\/p\/juliana-trail\/42271466\/\" target=\"_blank\" rel=\"noreferrer noopener\">https:\/\/julian-alps.com\/sl\/p\/juliana-trail\/42271466\/<\/a><br><br><\/p>\n\n\n\n<hr class=\"wp-block-separator has-alpha-channel-opacity is-style-wide\"\/>\n\n\n\n<p><em>The Cottage Kranjska dolina is located on the Pokljuka plateau Julian Alps and in the centre of Triglav National Park. It lies at an altitude of 1286 meters.<br>It is 18 km or 30 minutes from Bled, from Lake Bohinj &#8211; Rib\u010devo laz 25.4 km or 40 minutes, from the Biathlon Center 8.2 km or 13 minutes.<\/em><br><a href=\"https:\/\/kranjska-dolina.si\/?page_id=7\" data-type=\"page\" data-id=\"7\">More about access to cottage &#8230;<\/a><br><br><em>The cottage can accommodate 10 to 12 people, and can also accommodate smaller groups or individuals &#8211; all by prior arrangement. Guests are self-catering, using the kitchen and outdoor area with barbecue. By prior arrangement, groups can also be served with Gorjanska or mountain cuisine. <a href=\"https:\/\/kranjska-dolina.si\/?page_id=172\" data-type=\"page\" data-id=\"172\">More about the cottage &#8230;<\/a><br>Everyone is welcome, feel at home<\/em>!<br><br><em>The Via Juliana long-distance hiking trail leads through the mountain pasture: <a href=\"https:\/\/julian-alps.com\/en\/p\/juliana-trail\/42271466\/\" target=\"_blank\" rel=\"noreferrer noopener\">https:\/\/julian-alps.com\/en\/p\/juliana-trail\/42271466\/<\/a><\/em><br><\/p>\n\n\n\n<figure class=\"wp-block-image size-large\"><img loading=\"lazy\" decoding=\"async\" width=\"1024\" height=\"614\" src=\"https:\/\/kranjska-dolina.si\/wp-content\/uploads\/2023\/09\/cropped-9280792-1024x614.webp\" alt=\"\" class=\"wp-image-23\" srcset=\"https:\/\/kranjska-dolina.si\/wp-content\/uploads\/2023\/09\/cropped-9280792-1024x614.webp 1024w, https:\/\/kranjska-dolina.si\/wp-content\/uploads\/2023\/09\/cropped-9280792-300x180.webp 300w, https:\/\/kranjska-dolina.si\/wp-content\/uploads\/2023\/09\/cropped-9280792-768x460.webp 768w, https:\/\/kranjska-dolina.si\/wp-content\/uploads\/2023\/09\/cropped-9280792-1536x921.webp 1536w, https:\/\/kranjska-dolina.si\/wp-content\/uploads\/2023\/09\/cropped-9280792.webp 2000w\" sizes=\"auto, (max-width: 1024px) 100vw, 1024px\" \/><\/figure>\n","protected":false},"excerpt":{"rendered":"<p>Dobrodo\u0161li v Ko\u010di na Kranjski dolini! Welcome to the Cottage on Kranjska dolina! Ko\u010da na Kranjski dolini se nahaja na planoti Pokljuka v Julijskih Alpah in v osr\u010dju Triglavskem narodnem parku. Le\u017ei na nadmorski vi\u0161ini 1286 metrov. Od Bleda je oddaljena 18km oz. 30 minut, od Bohinjskega jezera &#8211; Rib\u010devega laza 25,4 km oz. 40 &hellip; <\/p>\n<p class=\"link-more\"><a href=\"https:\/\/kranjska-dolina.si\/\" class=\"more-link\">Read more<span class=\"screen-reader-text\"> &#8220;&#8221;<\/span><\/a><\/p>\n","protected":false},"author":1,"featured_media":0,"parent":0,"menu_order":0,"comment_status":"closed","ping_status":"closed","template":"","meta":{"footnotes":""},"class_list":["post-31","page","type-page","status-publish","hentry"],"_links":{"self":[{"href":"https:\/\/kranjska-dolina.si\/index.php?rest_route=\/wp\/v2\/pages\/31","targetHints":{"allow":["GET"]}}],"collection":[{"href":"https:\/\/kranjska-dolina.si\/index.php?rest_route=\/wp\/v2\/pages"}],"about":[{"href":"https:\/\/kranjska-dolina.si\/index.php?rest_route=\/wp\/v2\/types\/page"}],"author":[{"embeddable":true,"href":"https:\/\/kranjska-dolina.si\/index.php?rest_route=\/wp\/v2\/users\/1"}],"replies":[{"embeddable":true,"href":"https:\/\/kranjska-dolina.si\/index.php?rest_route=%2Fwp%2Fv2%2Fcomments&post=31"}],"version-history":[{"count":33,"href":"https:\/\/kranjska-dolina.si\/index.php?rest_route=\/wp\/v2\/pages\/31\/revisions"}],"predecessor-version":[{"id":252,"href":"https:\/\/kranjska-dolina.si\/index.php?rest_route=\/wp\/v2\/pages\/31\/revisions\/252"}],"wp:attachment":[{"href":"https:\/\/kranjska-dolina.si\/index.php?rest_route=%2Fwp%2Fv2%2Fmedia&parent=31"}],"curies":[{"name":"wp","href":"https:\/\/api.w.org\/{rel}","templated":true}]}}