{"id":7,"date":"2023-09-20T06:45:46","date_gmt":"2023-09-20T06:45:46","guid":{"rendered":"https:\/\/kranjska-dolina.si\/?page_id=7"},"modified":"2025-04-08T15:08:26","modified_gmt":"2025-04-08T15:08:26","slug":"zemljevid","status":"publish","type":"page","link":"https:\/\/kranjska-dolina.si\/?page_id=7","title":{"rendered":"Dostop \/ Access"},"content":{"rendered":"\n<figure class=\"wp-block-gallery has-nested-images columns-default is-cropped wp-block-gallery-1 is-layout-flex wp-block-gallery-is-layout-flex\"><\/figure>\n\n\n\n<hr class=\"wp-block-separator has-alpha-channel-opacity\"\/>\n\n\n\n<p>Lokacija ko\u010de: 46.3660, 13.9745<br><br>Dostop iz Bleda: skozi Gorje in Zatrnik se odpravite na Pokljuko. Po 15 kilometrih, ko pridete do Mrzlega studenca, v kri\u017ei\u0161\u010du zavijete desno na makadamsko pot.<br>Po 2,1 km zavijete na odcep desno navzdol, kjer \u017ee vidite ko\u010do. <br><br>Dostop iz Bohinja: pri vasi Jereke se za\u010dnete vzpenjati na Pokljuko. Peljete se mimo vasi Koprivnik in Gorju\u0161e. Po 16,4 km pridete do Mrzlega studenca, kjer v kri\u017ei\u0161\u010du zavijete desno na makadamsko pot.<br>Po 2,1 km zavijete na odcep desno navzdol, kjer \u017ee vidite ko\u010do. <br><br>Naslov: Krnica 93a, 4247 Zgornje Gorje<br>Kliknite za vodenje do planine: <a href=\"https:\/\/maps.app.goo.gl\/xXbNimh3mpYaJ5tz9\">https:\/\/maps.app.goo.gl\/xXbNimh3mpYaJ5tz9<\/a><\/p>\n\n\n\n<hr class=\"wp-block-separator has-alpha-channel-opacity is-style-wide\"\/>\n\n\n\n<p><em>Location of the cottage: 46.3660, 13.9745<br><br>Access from Bled: through Gorje and Zatrnik, head to Pokljuka. After 15 kilometers, when you reach Mrzli studenec, turn right at the crossroads onto a dirt road.<br>After 2.1 km, turn right down the road, where you can already see the hut.<br><br>Access from Bohinj: at the village of Jereka, you start climbing to Pokljuka. You pass the villages of Koprivnik and Gorju\u0161e. After 16.4 km, you reach Mrzli studenec, where at the crossroads, turn right onto a dirt road.<br>After 2.1 km, turn right down the road, where you can already see the hut.<br><\/em><br>Address: Krnica 93a, 4247 Zgornje Gorje<em><br>Click to guide to the cottage: <\/em><a href=\"https:\/\/maps.app.goo.gl\/xXbNimh3mpYaJ5tz9\">https:\/\/maps.app.goo.gl\/xXbNimh3mpYaJ5tz9<\/a><\/p>\n\n\n\n<figure class=\"wp-block-image size-full\"><a href=\"https:\/\/kranjska-dolina.si\/wp-content\/uploads\/2023\/09\/Zemljevid_L.jpg\" target=\"_blank\" rel=\"noreferrer noopener\"><img loading=\"lazy\" decoding=\"async\" width=\"1920\" height=\"948\" src=\"https:\/\/kranjska-dolina.si\/wp-content\/uploads\/2023\/09\/Zemljevid_L.jpg\" alt=\"\" class=\"wp-image-67\" srcset=\"https:\/\/kranjska-dolina.si\/wp-content\/uploads\/2023\/09\/Zemljevid_L.jpg 1920w, https:\/\/kranjska-dolina.si\/wp-content\/uploads\/2023\/09\/Zemljevid_L-300x148.jpg 300w, https:\/\/kranjska-dolina.si\/wp-content\/uploads\/2023\/09\/Zemljevid_L-1024x506.jpg 1024w, https:\/\/kranjska-dolina.si\/wp-content\/uploads\/2023\/09\/Zemljevid_L-768x379.jpg 768w, https:\/\/kranjska-dolina.si\/wp-content\/uploads\/2023\/09\/Zemljevid_L-1536x758.jpg 1536w\" sizes=\"auto, (max-width: 1920px) 100vw, 1920px\" \/><\/a><figcaption class=\"wp-element-caption\">Kliknite na sliko za ve\u010djo sliko \/ <em>Click on image for larger image<\/em><\/figcaption><\/figure>\n\n\n\n<figure class=\"wp-block-image size-full\"><a href=\"https:\/\/kranjska-dolina.si\/wp-content\/uploads\/2023\/09\/Zemljevid_S.jpg\" target=\"_blank\" rel=\"noreferrer noopener\"><img loading=\"lazy\" decoding=\"async\" width=\"1600\" height=\"1135\" src=\"https:\/\/kranjska-dolina.si\/wp-content\/uploads\/2023\/09\/Zemljevid_S.jpg\" alt=\"\" class=\"wp-image-68\" srcset=\"https:\/\/kranjska-dolina.si\/wp-content\/uploads\/2023\/09\/Zemljevid_S.jpg 1600w, https:\/\/kranjska-dolina.si\/wp-content\/uploads\/2023\/09\/Zemljevid_S-300x213.jpg 300w, https:\/\/kranjska-dolina.si\/wp-content\/uploads\/2023\/09\/Zemljevid_S-1024x726.jpg 1024w, https:\/\/kranjska-dolina.si\/wp-content\/uploads\/2023\/09\/Zemljevid_S-768x545.jpg 768w, https:\/\/kranjska-dolina.si\/wp-content\/uploads\/2023\/09\/Zemljevid_S-1536x1090.jpg 1536w\" sizes=\"auto, (max-width: 1600px) 100vw, 1600px\" \/><\/a><figcaption class=\"wp-element-caption\">Kliknite na sliko za ve\u010djo sliko \/ <em>Click on image for larger image<\/em><\/figcaption><\/figure>\n","protected":false},"excerpt":{"rendered":"<p>Lokacija ko\u010de: 46.3660, 13.9745 Dostop iz Bleda: skozi Gorje in Zatrnik se odpravite na Pokljuko. Po 15 kilometrih, ko pridete do Mrzlega studenca, v kri\u017ei\u0161\u010du zavijete desno na makadamsko pot.Po 2,1 km zavijete na odcep desno navzdol, kjer \u017ee vidite ko\u010do. Dostop iz Bohinja: pri vasi Jereke se za\u010dnete vzpenjati na Pokljuko. Peljete se mimo &hellip; <\/p>\n<p class=\"link-more\"><a href=\"https:\/\/kranjska-dolina.si\/?page_id=7\" class=\"more-link\">Read more<span class=\"screen-reader-text\"> &#8220;Dostop \/ Access&#8221;<\/span><\/a><\/p>\n","protected":false},"author":1,"featured_media":0,"parent":0,"menu_order":0,"comment_status":"closed","ping_status":"closed","template":"","meta":{"footnotes":""},"class_list":["post-7","page","type-page","status-publish","hentry"],"_links":{"self":[{"href":"https:\/\/kranjska-dolina.si\/index.php?rest_route=\/wp\/v2\/pages\/7","targetHints":{"allow":["GET"]}}],"collection":[{"href":"https:\/\/kranjska-dolina.si\/index.php?rest_route=\/wp\/v2\/pages"}],"about":[{"href":"https:\/\/kranjska-dolina.si\/index.php?rest_route=\/wp\/v2\/types\/page"}],"author":[{"embeddable":true,"href":"https:\/\/kranjska-dolina.si\/index.php?rest_route=\/wp\/v2\/users\/1"}],"replies":[{"embeddable":true,"href":"https:\/\/kranjska-dolina.si\/index.php?rest_route=%2Fwp%2Fv2%2Fcomments&post=7"}],"version-history":[{"count":23,"href":"https:\/\/kranjska-dolina.si\/index.php?rest_route=\/wp\/v2\/pages\/7\/revisions"}],"predecessor-version":[{"id":222,"href":"https:\/\/kranjska-dolina.si\/index.php?rest_route=\/wp\/v2\/pages\/7\/revisions\/222"}],"wp:attachment":[{"href":"https:\/\/kranjska-dolina.si\/index.php?rest_route=%2Fwp%2Fv2%2Fmedia&parent=7"}],"curies":[{"name":"wp","href":"https:\/\/api.w.org\/{rel}","templated":true}]}}